{"id":7364,"date":"2026-02-27T17:10:40","date_gmt":"2026-02-27T16:10:40","guid":{"rendered":"https:\/\/dileoffice.com\/?page_id=7364"},"modified":"2026-02-27T17:19:42","modified_gmt":"2026-02-27T16:19:42","slug":"conditions-dutilisation","status":"publish","type":"page","link":"https:\/\/dileoffice.com\/fr\/conditions-dutilisation\/","title":{"rendered":"Conditions d&#8217;utilisation"},"content":{"rendered":"\t\t<div data-elementor-type=\"wp-page\" data-elementor-id=\"7364\" class=\"elementor elementor-7364 elementor-7302\" data-elementor-post-type=\"page\">\n\t\t\t\t\t\t<section class=\"elementor-section elementor-top-section elementor-element elementor-element-53f836a elementor-section-boxed elementor-section-height-default elementor-section-height-default\" data-id=\"53f836a\" data-element_type=\"section\" data-e-type=\"section\" data-settings=\"{&quot;ekit_has_onepagescroll_dot&quot;:&quot;yes&quot;}\">\n\t\t\t\t\t\t<div class=\"elementor-container elementor-column-gap-default\">\n\t\t\t\t\t<div class=\"elementor-column elementor-col-100 elementor-top-column elementor-element elementor-element-57f2e51\" data-id=\"57f2e51\" data-element_type=\"column\" data-e-type=\"column\">\n\t\t\t<div class=\"elementor-widget-wrap elementor-element-populated\">\n\t\t\t\t\t\t<div class=\"elementor-element elementor-element-7d55c90 elementor-widget elementor-widget-heading\" data-id=\"7d55c90\" data-element_type=\"widget\" data-e-type=\"widget\" data-settings=\"{&quot;ekit_we_effect_on&quot;:&quot;none&quot;}\" data-widget_type=\"heading.default\">\n\t\t\t\t<div class=\"elementor-widget-container\">\n\t\t\t\t\t<h1 class=\"elementor-heading-title elementor-size-default\">Conditions d&#8217;utilisation<\/h1>\t\t\t\t<\/div>\n\t\t\t\t<\/div>\n\t\t\t\t<div class=\"elementor-element elementor-element-b64fccd elementor-widget elementor-widget-text-editor\" data-id=\"b64fccd\" data-element_type=\"widget\" data-e-type=\"widget\" data-settings=\"{&quot;ekit_we_effect_on&quot;:&quot;none&quot;}\" data-widget_type=\"text-editor.default\">\n\t\t\t\t<div class=\"elementor-widget-container\">\n\t\t\t\t\t\t\t\t\t<p>Estas Condiciones se aplican cada vez que visitas dileoffice.com (en adelante website o DILEOFFICE), as\u00ed que por favor l\u00e9elas con mucha atenci\u00f3n. Cuando accedes, usas o disfrutas de los productos y servicios facilitados por Dileoffice S.l (en adelante \u201cServicios\u201d), aceptas los T\u00e9rminos y Condiciones aqu\u00ed expuestos.<\/p><p><b>SI NO ACEPTAS O NO EST\u00c1S DE ACUERDO CON ESTAS CONDICIONES, POR FAVOR NO ACCEDAS O UTILICES LA P\u00c1GINA.<\/b><br \/>Estas Condiciones y cualquier disputa o reclamaci\u00f3n surgidos de las mismas o en relaci\u00f3n con ellas (incluidos litigios o reclamaciones no contractuales) ser\u00e1n interpretados y regulados bajo la Ley de Espa\u00f1a. En caso de conflicto entre otra versi\u00f3n de las Condiciones de Uso de website y su original en espa\u00f1ol, prevalecer\u00e1 esta \u00faltima.<\/p><p>Condiciones generales<br \/>Los siguientes t\u00e9rminos y condiciones son aplicables a la navegaci\u00f3n a trav\u00e9s del sitio web dileoffice.com, web accesible por internet y abierto, en principio, a cualquier usuario de la red. En ella se incluyen formularios de contacto que el usuario puede utilizar para comunicar con Dileoffice S.L. Nuestra pol\u00edtica de privacidad, conforme a la Ley Org\u00e1nica 15\/1999 de Protecci\u00f3n de Datos y el Reglamento (UE) 2016\/679 (RGPD \u2013 Reglamento General de Protecci\u00f3n de Datos), est\u00e1 incluida en el Aviso Legal de la p\u00e1gina web para su consulta.<\/p><p>Dileoffice. S.l se reserva el derecho a actualizar, modificar o eliminar la informaci\u00f3n de esta p\u00e1gina web y su configuraci\u00f3n sin preaviso. De igual forma podr\u00e1 suspender su difusi\u00f3n total o parcialmente y modificar la estructura o contenido de la misma sin previo aviso. Asimismo, se reserva el derecho a modificar en cualquier momento los t\u00e9rminos, condiciones y comunicaciones en base a los cuales se ofrece este sitio Web.<\/p><p>Dileoffice S.L se reserva el derecho a denegar discrecionalmente, en cualquier momento y sin necesidad de preaviso, el acceso de cualquier usuario a este sitio Web o a alguna parte del mismo.<\/p><p>Acceso a la p\u00e1gina:<br \/>Por desgracia no podemos garantizar que www.dileoffice.com funcione en todo momento, porque a veces llevamos a cabo tareas de mantenimiento o puede que la p\u00e1gina se vea afectada por incidencias o circunstancias fuera de nuestro control. No podemos garantizar la calidad, precisi\u00f3n, funcionalidad, disponibilidad o rendimiento de www.dileoffice.com y nos reservamos el derecho a suspender, retirar, corregir, modificar o variar la prestaci\u00f3n de los servicios de www.dileoffice.com sin previo aviso.<\/p><p>Responsabilidad y garant\u00eda<br \/>Funcionamiento de los Sitios y de los Servicios:<\/p><p>Para utilizar los Servicios, el usuario debe disponer de un equipo inform\u00e1tico y de los programas de software y las configuraciones necesarios para el adecuado funcionamiento de los Servicios.<\/p><p>El usuario debe disponer de los conocimientos, los materiales y los programas de software necesarios para utilizar Internet o, si procede, de servicios de Internet, y reconoce que las caracter\u00edsticas y las limitaciones de Internet no permiten garantizar la seguridad, la disponibilidad ni la integridad de las transmisiones de datos a trav\u00e9s de Internet.<\/p><p>Dileoffice S.L no garantiza que puedan utilizarse los Servicios si el usuario utiliza un bloqueador de ventanas emergentes, en cuyo caso ser\u00e1 necesario desactivar esta funci\u00f3n antes de utilizar los Servicios.<\/p><p>El usuario es el \u00fanico responsable de asegurarse de disponer de todo lo necesario para acceder a www.dileoffice.com (incluyendo tarifas del proveedor de internet y del proveedor de internet m\u00f3vil y todo lo relacionado con el acceso). Dileoffice s.l no asumir\u00e1 ninguna responsabilidad si la p\u00e1gina o sus servicios no funcionan como deber\u00edan a trav\u00e9s de servicios m\u00f3viles o servicios similares disponibles actualmente o en un futuro.<\/p><p>Cuando accede a www.dileoffice.com o cuando permite recibir nuestros mensajes o notificaciones a trav\u00e9s de su tel\u00e9fono y\/u otro dispositivo m\u00f3vil\/celular, acepta que su proveedor de internet o de servicios m\u00f3viles puede cobrarle por ello. Bajo ninguna circunstancia Dileoffice S. L se har\u00e1 responsable de esos cargos.<\/p><p><b>Privacidad y pol\u00edtica de cookies:<\/b><br \/>Si te preocupa c\u00f3mo www.dileoffice.com utiliza su informaci\u00f3n, por favor lee nuestra Pol\u00edtica de Privacidad.<\/p><p>La Ley 34\/2002 de Servicios de la Sociedad de la Informaci\u00f3n y Comercio Electr\u00f3nico (LSSI-CE), obliga a todos los que tengan un blog o una web a advertir al usuario de la existencia de cookies, informar sobre ellas y requerirle permiso para descargarlas. Esa es la funci\u00f3n del aviso de Cookies que te aparece cuando navegas por primera vez por la web de www.dileoffice.com .<\/p><p>No siempre es posible contar con informaci\u00f3n actualizada de las cookies que terceras partes puedan utilizar a trav\u00e9s de este sitio web.<\/p><p>Por consiguiente, en caso de que te encuentres con este tipo de cookies en este sitio web y no est\u00e9n enumeradas en la lista siguiente, te informo de la importancia de comunic\u00e1rmelo. Tambi\u00e9n puedes ponerte en contacto directamente con el tercero para pedirle informaci\u00f3n sobre las cookies que coloca, la finalidad y la duraci\u00f3n de la cookie, y c\u00f3mo ha garantizado su privacidad.<\/p><p><b>\u00bfC\u00f3mo podemos clasificar las cookies?<\/b><\/p><p>Seg\u00fan su finalidad:<br \/>Cookies t\u00e9cnicas: Las cookies t\u00e9cnicas son aquellas imprescindibles y estrictamente necesarias para el correcto funcionamiento de un portal Web y la utilizaci\u00f3n de las diferentes opciones y servicios que ofrece. Por ejemplo, las que sirven para el mantenimiento de la sesi\u00f3n, la gesti\u00f3n del tiempo de respuesta, rendimiento o validaci\u00f3n de opciones, utilizar elementos de seguridad, compartir contenido con redes sociales, etc.<\/p><p>Cookies de personalizaci\u00f3n: Estas cookies permiten al usuario especificar o personalizar algunas caracter\u00edsticas de las opciones generales de la p\u00e1gina Web, Por ejemplo, definir el idioma, configuraci\u00f3n regional o tipo de navegador.<\/p><p>Cookies anal\u00edticas: Las cookies anal\u00edticas son las utilizadas por nuestros portales Web, para elaborar perfiles de navegaci\u00f3n y poder conocer las preferencias de los usuarios del mismo con el fin de mejorar la oferta de productos y servicios. Por ejemplo, mediante una cookie anal\u00edtica se controlar\u00edan las \u00e1reas geogr\u00e1ficas de mayor inter\u00e9s de un usuario, cu\u00e1l es el producto de m\u00e1s aceptaci\u00f3n, etc.<\/p><p>Cookies publicitarias \/ de publicidad: Las cookies publicitarias permiten la gesti\u00f3n de los espacios publicitarios en base a criterios concretos. Por ejemplo la frecuencia de acceso, el contenido editado, etc. Las cookies de publicidad permiten a trav\u00e9s de la gesti\u00f3n de la publicidad almacenar informaci\u00f3n del comportamiento a trav\u00e9s de la observaci\u00f3n de h\u00e1bitos, estudiando los accesos y formando un perfil de preferencias del usuario, para ofrecerle publicidad relacionada con los intereses de su perfil.<\/p><p>Seg\u00fan plazo:<br \/>Cookies de sesi\u00f3n: Las cookies de sesi\u00f3n son aquellas que duran el tiempo que el usuario est\u00e1 navegando por la p\u00e1gina Web y se borran al t\u00e9rmino.<\/p><p>Cookies persistentes: Estas cookies quedan almacenadas en el terminal del usuario, por un tiempo m\u00e1s largo, facilitando as\u00ed el control de las preferencias elegidas sin tener que repetir ciertos par\u00e1metros cada vez que se visite el sitio Web.<\/p><p><b>LAS COOKIES QUE UTILIZA ESTA WEB<\/b><br \/>En esta web se utilizan cookies propias y de terceros para conseguir que tengas una mejor experiencia de navegaci\u00f3n, puedas compartir contenido en redes sociales, para mostrarte anuncios en funci\u00f3n a tus intereses y para obtener estad\u00edsticas de usuarios.<\/p><p>Como usuario, puedes rechazar el tratamiento de los datos o la informaci\u00f3n bloqueando estas cookies mediante la configuraci\u00f3n apropiada de tu navegador. Sin embargo, debes saber que, si lo haces, este sitio no funcione adecuadamente.<\/p><p>Seg\u00fan los t\u00e9rminos incluidos en el art\u00edculo 22.2 de la Ley 34\/2002 de Servicios de la Sociedad de la Informaci\u00f3n y Comercio Electr\u00f3nico, si contin\u00faas navegando, estar\u00e1s prestando tu consentimiento para el empleo de las cookies que detallo a continuaci\u00f3n.<\/p><p>Las cookies de esta web ayudan a:<br \/>Hacer que esta web funcione correctamente<br \/>Ahorrarle el tener que iniciar sesi\u00f3n cada vez que visitas este sitio<br \/>Recordarte tus ajustes durante y entre las visitas<br \/>Permitirte visualizar videos<br \/>Mejorar la velocidad \/ seguridad del sitio<br \/>Que pueda compartir p\u00e1ginas con redes sociales<br \/>Mejorar continuamente de este sitio web<br \/>Mostrarte anuncios en funci\u00f3n de tus h\u00e1bitos de navegaci\u00f3n<\/p><p>No utilizaremos jam\u00e1s cookies para:<br \/>Recoger informaci\u00f3n de identificaci\u00f3n personal (sin tu permiso expreso)<br \/>Recoger informaci\u00f3n sensible (sin tu permiso expreso)<br \/>Compartir datos de identificaci\u00f3n personal a terceros<\/p><p><b>COOKIES DE TERCEROS QUE UTILIZAMOS EN ESTA WEB<\/b><br \/>Esta web, como la mayor\u00eda de sitios web, incluye funcionalidades proporcionadas por terceros.<\/p><p>Tambi\u00e9n se ponen a prueba regularmente nuevos dise\u00f1os o servicios de terceros para recomendaciones e informes. Esto puede modificar ocasionalmente la configuraci\u00f3n de cookies y que aparezcan cookies no detalladas en la presente pol\u00edtica. Es importante que sepas que son cookies provisionales que no siempre es posible informar y que solo tienen finalidades de estudio y valoraci\u00f3n. En ning\u00fan caso se van a utilizar cookies que comprometan tu privacidad.<\/p><p><b>Entre las cookies de terceros m\u00e1s estables est\u00e1n:<\/b><\/p><p>Cookies de Google<br \/>Las generadas por servicios de an\u00e1lisis, concretamente, Google Analytics para ayudar al website a analizar el uso que hacen los Usuarios del sitio web y mejorar la usabilidad del mismo, pero en ning\u00fan caso se asocian a datos que pudieran llegar a identificar al usuario.<\/p><p>Google Analytics, es un servicio anal\u00edtico de web prestado por Google, Inc., una compa\u00f1\u00eda de Delaware cuya oficina principal est\u00e1 en 1600 Amphitheatre Parkway, Mountain View (California), CA 94043, Estados Unidos (\u201cGoogle\u201d). El usuario puede consultar aqu\u00ed el tipo de cookies utilizadas por Google. Cookie de Google+ y Google Maps, seg\u00fan lo dispuesto en su p\u00e1gina sobre qu\u00e9 tipo de cookies utilizan.<\/p><p>Seguimiento de Google Adwords: Utilizamos seguimiento de conversiones de Google AdWords. El seguimiento de conversiones es una herramienta gratuita que indica lo que sucede despu\u00e9s de que un cliente haga clic en los anuncios, tanto si ha comprado un producto como si se ha suscrito a su bolet\u00edn informativo. Estas cookies expiran a los 30 d\u00edas y no contienen informaci\u00f3n que pueda identificarte personalmente.<\/p><p>Para obtener m\u00e1s informaci\u00f3n acerca de seguimiento de conversiones de Google y la pol\u00edtica de privacidad.<\/p><p>Cookies de redes sociales: Las Cookies de redes sociales pueden almacenarse en su navegador mientras navega por www.dileoffice.com ; por ejemplo, cuando utiliza el bot\u00f3n de compartir contenidos de www.dileoffice.com en alguna red social.<\/p><p>Las empresas que generan estas cookies correspondientes a las redes sociales que utiliza esta web tienen sus propias pol\u00edticas de cookies:<\/p><p>Cookie de Twitter, seg\u00fan lo dispuesto en su pol\u00edtica de privacidad y uso de cookies.<\/p><p>Cookie de Facebook, seg\u00fan lo dispuesto en su Pol\u00edtica de Cookies.<\/p><p><b>LISTADO DE COOKIES<\/b><\/p><p>_ga<\/p><p>Google Analytics tracking cookie<\/p><p>Tipo: HTTP Cookie<\/p><p>Dominio: dileoffice.com<\/p><p>Expira en 730 d\u00edas.<\/p><p>Finalidad: Cookie fijada por analytics.js; librer\u00eda JavaScript propiedad de Google. La librer\u00eda analytics.js forma parte de Google Universal Analytics y utiliza esta cookie de origen que contiene un identificador an\u00f3nimo usado para distinguir usuarios.<\/p><p>_gid<\/p><p>Google Analytics tracking cookie<\/p><p>Tipo: HTTP Cookie<\/p><p>Dominio: dileoffice.com<\/p><p>Expira en un d\u00eda.<\/p><p>Finalidad: Cookie fijada por analytics.js; librer\u00eda JavaScript propiedad de Google. La librer\u00eda analytics.js forma parte de Google Universal Analytics y utiliza esta cookie de origen que contiene un identificador an\u00f3nimo usado para distinguir idiomas.<\/p><p>_gat<\/p><p>Google Analytics tracking cookie<\/p><p>Tipo: HTTP Cookie<\/p><p>Dominio: dileoffice.com<\/p><p>V\u00e1lida solo durante la actual sesi\u00f3n del navegador, ser\u00e1 borrada cuando cierres el navegador.<\/p><p>Finalidad: Cookie fijada por analytics.js; librer\u00eda JavaScript propiedad de Google. La librer\u00eda analytics.js forma parte de Google Universal Analytics y utiliza esta cookie de origen que contiene un identificador para diferenciar entre los diferentes objetos de seguimiento creados en la sesi\u00f3n.<\/p><p><b>C\u00d3MO GESTIONAR Y DESACTIVAR ESTAS COOKIES<\/b><br \/>Si no deseas que los sitios web pongan ninguna cookie en tu equipo, puedes adaptar la configuraci\u00f3n del navegador de modo que se te notifique antes de que se descargue ninguna cookie. De igual modo, puedes adaptar la configuraci\u00f3n de forma que el navegador rechace todas las cookies, o \u00fanicamente las cookies de terceros. Tambi\u00e9n puedes eliminar cualquiera de las cookies que ya se encuentren en tu equipo. Ten en cuenta que tendr\u00e1s que adaptar por separado la configuraci\u00f3n de cada navegador y equipo que utilices.<\/p><p>Varios:<br \/>T\u00fa eres responsable de tomar las precauciones necesarias para asegurarte de que el servicio obtenido de www.dileoffice.com est\u00e1 libre de virus u otros componentes perjudiciales. Aceptas el hecho de que el servicio de www.dileoffice.com pueda ser interrumpido o contener errores, que los defectos pueden no ser corregidos o que www.dileoffice.com , o su servidor, no est\u00e9 libres de virus, errores, programas esp\u00eda (spyware), Troyanos o similar software malintencionado. Dileoffice.S.l no se hace responsable de cualquier da\u00f1o al hardware o software de tu ordenador\/computador u otro tipo de tecnolog\u00eda, incluyendo, sin limitaci\u00f3n, da\u00f1os causados por fallos de seguridad o virus, errores, falsificaciones, fraude, omisi\u00f3n, interrupci\u00f3n, defecto, retraso en la transmisi\u00f3n u operaci\u00f3n, fallo en la l\u00ednea, red o cualquier otro fallo t\u00e9cnico.<\/p><p>Nos reservamos el derecho a modificar, corregir o cambiar estas Condiciones en cualquier momento y sin previo aviso.<\/p><p>Cuando esto ocurra, publicaremos los Cambios en esta p\u00e1gina.<\/p><p>Si no aceptas los Cambios de las Condiciones, deber\u00edas dejar de utilizar www.dileoffice.com de inmediato. Si lo usas despu\u00e9s de que se hayan introducido Cambios, daremos por hecho que los aceptas y los respetas.<\/p><p>Si, por cualquier raz\u00f3n, alguna de estas Condiciones fuera declarada ilegal, inv\u00e1lida o inaplicable por un tribunal jurisdiccional competente, debido a que alg\u00fan t\u00e9rmino fuera ilegal, inv\u00e1lido o inaplicable, ser\u00e1 borrada y eliminada de estas Condiciones, aunque el resto permanecer\u00e1 en vigor y seguir\u00e1 siendo vinculante y ejecutable.<\/p><p>Las Condiciones establecen el acuerdo entre Dileoffice S.L y t\u00fa en relaci\u00f3n con tu uso de la p\u00e1gina web y reemplazan todos los acuerdos anteriores que se hayan establecido entre nosotros (ya sea de manera escrita u oral). Nada en esta cl\u00e1usula podr\u00e1 limitar o excluir cualquier responsabilidad por tergiversaci\u00f3n o falsedad.<\/p><p><b>Derecho y fuero aplicables<\/b><br \/>El presente contrato se rige por el Derecho espa\u00f1ol. Cualesquiera controversias derivadas de la validez, interpretaci\u00f3n, ejecuci\u00f3n, terminaci\u00f3n u otras circunstancias del presente contrato, se someter\u00e1 a la jurisdicci\u00f3n de los tribunales de Alicante.<\/p>\t\t\t\t\t\t\t\t<\/div>\n\t\t\t\t<\/div>\n\t\t\t\t\t<\/div>\n\t\t<\/div>\n\t\t\t\t\t<\/div>\n\t\t<\/section>\n\t\t\t\t<\/div>\n\t\t","protected":false},"excerpt":{"rendered":"","protected":false},"author":1,"featured_media":0,"parent":0,"menu_order":0,"comment_status":"closed","ping_status":"closed","template":"elementor_header_footer","meta":{"site-sidebar-layout":"no-sidebar","site-content-layout":"","ast-site-content-layout":"full-width-container","site-content-style":"default","site-sidebar-style":"default","ast-global-header-display":"","ast-banner-title-visibility":"","ast-main-header-display":"","ast-hfb-above-header-display":"","ast-hfb-below-header-display":"","ast-hfb-mobile-header-display":"","site-post-title":"","ast-breadcrumbs-content":"","ast-featured-img":"disabled","footer-sml-layout":"","ast-disable-related-posts":"","theme-transparent-header-meta":"default","adv-header-id-meta":"","stick-header-meta":"","header-above-stick-meta":"","header-main-stick-meta":"","header-below-stick-meta":"","astra-migrate-meta-layouts":"set","ast-page-background-enabled":"default","ast-page-background-meta":{"desktop":{"background-color":"var(--ast-global-color-4)","background-image":"","background-repeat":"repeat","background-position":"center center","background-size":"auto","background-attachment":"scroll","background-type":"","background-media":"","overlay-type":"","overlay-color":"","overlay-opacity":"","overlay-gradient":""},"tablet":{"background-color":"","background-image":"","background-repeat":"repeat","background-position":"center center","background-size":"auto","background-attachment":"scroll","background-type":"","background-media":"","overlay-type":"","overlay-color":"","overlay-opacity":"","overlay-gradient":""},"mobile":{"background-color":"","background-image":"","background-repeat":"repeat","background-position":"center center","background-size":"auto","background-attachment":"scroll","background-type":"","background-media":"","overlay-type":"","overlay-color":"","overlay-opacity":"","overlay-gradient":""}},"ast-content-background-meta":{"desktop":{"background-color":"var(--ast-global-color-5)","background-image":"","background-repeat":"repeat","background-position":"center center","background-size":"auto","background-attachment":"scroll","background-type":"","background-media":"","overlay-type":"","overlay-color":"","overlay-opacity":"","overlay-gradient":""},"tablet":{"background-color":"var(--ast-global-color-5)","background-image":"","background-repeat":"repeat","background-position":"center center","background-size":"auto","background-attachment":"scroll","background-type":"","background-media":"","overlay-type":"","overlay-color":"","overlay-opacity":"","overlay-gradient":""},"mobile":{"background-color":"var(--ast-global-color-5)","background-image":"","background-repeat":"repeat","background-position":"center center","background-size":"auto","background-attachment":"scroll","background-type":"","background-media":"","overlay-type":"","overlay-color":"","overlay-opacity":"","overlay-gradient":""}},"footnotes":""},"class_list":["post-7364","page","type-page","status-publish","hentry"],"_links":{"self":[{"href":"https:\/\/dileoffice.com\/fr\/wp-json\/wp\/v2\/pages\/7364","targetHints":{"allow":["GET"]}}],"collection":[{"href":"https:\/\/dileoffice.com\/fr\/wp-json\/wp\/v2\/pages"}],"about":[{"href":"https:\/\/dileoffice.com\/fr\/wp-json\/wp\/v2\/types\/page"}],"author":[{"embeddable":true,"href":"https:\/\/dileoffice.com\/fr\/wp-json\/wp\/v2\/users\/1"}],"replies":[{"embeddable":true,"href":"https:\/\/dileoffice.com\/fr\/wp-json\/wp\/v2\/comments?post=7364"}],"version-history":[{"count":1,"href":"https:\/\/dileoffice.com\/fr\/wp-json\/wp\/v2\/pages\/7364\/revisions"}],"predecessor-version":[{"id":7365,"href":"https:\/\/dileoffice.com\/fr\/wp-json\/wp\/v2\/pages\/7364\/revisions\/7365"}],"wp:attachment":[{"href":"https:\/\/dileoffice.com\/fr\/wp-json\/wp\/v2\/media?parent=7364"}],"curies":[{"name":"wp","href":"https:\/\/api.w.org\/{rel}","templated":true}]}}